{"id":142,"date":"2022-11-21T12:39:44","date_gmt":"2022-11-21T12:39:44","guid":{"rendered":"https:\/\/di.realhomes.io\/ultra\/?page_id=142"},"modified":"2025-04-11T12:00:25","modified_gmt":"2025-04-11T12:00:25","slug":"contact","status":"publish","type":"page","link":"https:\/\/excellencecyprus.com\/index.php\/contact\/","title":{"rendered":"Contact"},"content":{"rendered":"\t\t<div data-elementor-type=\"wp-page\" data-elementor-id=\"142\" class=\"elementor elementor-142\">\n\t\t\t\t<div class=\"elementor-element elementor-element-328672a e-con-full e-flex e-con e-parent\" data-id=\"328672a\" data-element_type=\"container\" data-settings=\"{&quot;background_background&quot;:&quot;classic&quot;}\">\n\t\t<div class=\"elementor-element elementor-element-951205b e-con-full elementor-hidden-mobile e-flex e-con e-child\" data-id=\"951205b\" data-element_type=\"container\" data-settings=\"{&quot;background_background&quot;:&quot;classic&quot;}\">\n\t\t\t\t<\/div>\n\t\t<div class=\"elementor-element elementor-element-eaa82cb e-con-full e-flex e-con e-child\" data-id=\"eaa82cb\" data-element_type=\"container\">\n\t\t\t\t<div class=\"elementor-element elementor-element-3e2c63e elementor-widget elementor-widget-heading\" data-id=\"3e2c63e\" data-element_type=\"widget\" data-widget_type=\"heading.default\">\n\t\t\t\t<div class=\"elementor-widget-container\">\n\t\t\t\t\t<h1 class=\"elementor-heading-title elementor-size-default\">Contact Us<\/h1>\t\t\t\t<\/div>\n\t\t\t\t<\/div>\n\t\t\t\t<div class=\"elementor-element elementor-element-c20e762 elementor-position-left elementor-mobile-position-left elementor-view-default elementor-widget elementor-widget-icon-box\" data-id=\"c20e762\" data-element_type=\"widget\" data-widget_type=\"icon-box.default\">\n\t\t\t\t<div class=\"elementor-widget-container\">\n\t\t\t\t\t\t\t<div class=\"elementor-icon-box-wrapper\">\n\n\t\t\t\t\t\t<div class=\"elementor-icon-box-icon\">\n\t\t\t\t<span  class=\"elementor-icon\">\n\t\t\t\t<svg aria-hidden=\"true\" class=\"e-font-icon-svg e-fas-mail-bulk\" viewBox=\"0 0 576 512\" xmlns=\"http:\/\/www.w3.org\/2000\/svg\"><path d=\"M160 448c-25.6 0-51.2-22.4-64-32-64-44.8-83.2-60.8-96-70.4V480c0 17.67 14.33 32 32 32h256c17.67 0 32-14.33 32-32V345.6c-12.8 9.6-32 25.6-96 70.4-12.8 9.6-38.4 32-64 32zm128-192H32c-17.67 0-32 14.33-32 32v16c25.6 19.2 22.4 19.2 115.2 86.4 9.6 6.4 28.8 25.6 44.8 25.6s35.2-19.2 44.8-22.4c92.8-67.2 89.6-67.2 115.2-86.4V288c0-17.67-14.33-32-32-32zm256-96H224c-17.67 0-32 14.33-32 32v32h96c33.21 0 60.59 25.42 63.71 57.82l.29-.22V416h192c17.67 0 32-14.33 32-32V192c0-17.67-14.33-32-32-32zm-32 128h-64v-64h64v64zm-352-96c0-35.29 28.71-64 64-64h224V32c0-17.67-14.33-32-32-32H96C78.33 0 64 14.33 64 32v192h96v-32z\"><\/path><\/svg>\t\t\t\t<\/span>\n\t\t\t<\/div>\n\t\t\t\n\t\t\t\t\t\t<div class=\"elementor-icon-box-content\">\n\n\t\t\t\t\t\t\t\t\t<h3 class=\"elementor-icon-box-title\">\n\t\t\t\t\t\t<span  >\n\t\t\t\t\t\t\t<a href=\"mailto:excellence@era.com.tr\">excellence@era.com.tr<\/a>\t\t\t\t\t\t<\/span>\n\t\t\t\t\t<\/h3>\n\t\t\t\t\n\t\t\t\t\n\t\t\t<\/div>\n\t\t\t\n\t\t<\/div>\n\t\t\t\t\t\t<\/div>\n\t\t\t\t<\/div>\n\t\t\t\t<div class=\"elementor-element elementor-element-d9e01a4 elementor-position-left elementor-mobile-position-left elementor-view-default elementor-widget elementor-widget-icon-box\" data-id=\"d9e01a4\" data-element_type=\"widget\" data-widget_type=\"icon-box.default\">\n\t\t\t\t<div class=\"elementor-widget-container\">\n\t\t\t\t\t\t\t<div class=\"elementor-icon-box-wrapper\">\n\n\t\t\t\t\t\t<div class=\"elementor-icon-box-icon\">\n\t\t\t\t<span  class=\"elementor-icon\">\n\t\t\t\t<svg aria-hidden=\"true\" class=\"e-font-icon-svg e-fas-phone-alt\" viewBox=\"0 0 512 512\" xmlns=\"http:\/\/www.w3.org\/2000\/svg\"><path d=\"M497.39 361.8l-112-48a24 24 0 0 0-28 6.9l-49.6 60.6A370.66 370.66 0 0 1 130.6 204.11l60.6-49.6a23.94 23.94 0 0 0 6.9-28l-48-112A24.16 24.16 0 0 0 122.6.61l-104 24A24 24 0 0 0 0 48c0 256.5 207.9 464 464 464a24 24 0 0 0 23.4-18.6l24-104a24.29 24.29 0 0 0-14.01-27.6z\"><\/path><\/svg>\t\t\t\t<\/span>\n\t\t\t<\/div>\n\t\t\t\n\t\t\t\t\t\t<div class=\"elementor-icon-box-content\">\n\n\t\t\t\t\t\t\t\t\t<h3 class=\"elementor-icon-box-title\">\n\t\t\t\t\t\t<span  >\n\t\t\t\t\t\t\t<a href=\"tel:+905338875656\">(+90) 533 887 56 56<\/a>\t\t\t\t\t\t<\/span>\n\t\t\t\t\t<\/h3>\n\t\t\t\t\n\t\t\t\t\n\t\t\t<\/div>\n\t\t\t\n\t\t<\/div>\n\t\t\t\t\t\t<\/div>\n\t\t\t\t<\/div>\n\t\t\t\t<div class=\"elementor-element elementor-element-da44a98 elementor-position-left elementor-mobile-position-left elementor-view-default elementor-widget elementor-widget-icon-box\" data-id=\"da44a98\" data-element_type=\"widget\" data-widget_type=\"icon-box.default\">\n\t\t\t\t<div class=\"elementor-widget-container\">\n\t\t\t\t\t\t\t<div class=\"elementor-icon-box-wrapper\">\n\n\t\t\t\t\t\t<div class=\"elementor-icon-box-icon\">\n\t\t\t\t<span  class=\"elementor-icon\">\n\t\t\t\t<svg aria-hidden=\"true\" class=\"e-font-icon-svg e-fas-map-marker-alt\" viewBox=\"0 0 384 512\" xmlns=\"http:\/\/www.w3.org\/2000\/svg\"><path d=\"M172.268 501.67C26.97 291.031 0 269.413 0 192 0 85.961 85.961 0 192 0s192 85.961 192 192c0 77.413-26.97 99.031-172.268 309.67-9.535 13.774-29.93 13.773-39.464 0zM192 272c44.183 0 80-35.817 80-80s-35.817-80-80-80-80 35.817-80 80 35.817 80 80 80z\"><\/path><\/svg>\t\t\t\t<\/span>\n\t\t\t<\/div>\n\t\t\t\n\t\t\t\t\t\t<div class=\"elementor-icon-box-content\">\n\n\t\t\t\t\t\t\t\t\t<h3 class=\"elementor-icon-box-title\">\n\t\t\t\t\t\t<span  >\n\t\t\t\t\t\t\tDr. Faz\u0131l K\u00fc\u00e7\u00fck Cad. Laroni Tower No:1\t\t\t\t\t\t<\/span>\n\t\t\t\t\t<\/h3>\n\t\t\t\t\n\t\t\t\t\n\t\t\t<\/div>\n\t\t\t\n\t\t<\/div>\n\t\t\t\t\t\t<\/div>\n\t\t\t\t<\/div>\n\t\t\t\t<div class=\"elementor-element elementor-element-ca66159 elementor-position-left elementor-mobile-position-left elementor-view-default elementor-widget elementor-widget-icon-box\" data-id=\"ca66159\" data-element_type=\"widget\" data-widget_type=\"icon-box.default\">\n\t\t\t\t<div class=\"elementor-widget-container\">\n\t\t\t\t\t\t\t<div class=\"elementor-icon-box-wrapper\">\n\n\t\t\t\t\t\t<div class=\"elementor-icon-box-icon\">\n\t\t\t\t<span  class=\"elementor-icon\">\n\t\t\t\t<svg aria-hidden=\"true\" class=\"e-font-icon-svg e-fas-clock\" viewBox=\"0 0 512 512\" xmlns=\"http:\/\/www.w3.org\/2000\/svg\"><path d=\"M256,8C119,8,8,119,8,256S119,504,256,504,504,393,504,256,393,8,256,8Zm92.49,313h0l-20,25a16,16,0,0,1-22.49,2.5h0l-67-49.72a40,40,0,0,1-15-31.23V112a16,16,0,0,1,16-16h32a16,16,0,0,1,16,16V256l58,42.5A16,16,0,0,1,348.49,321Z\"><\/path><\/svg>\t\t\t\t<\/span>\n\t\t\t<\/div>\n\t\t\t\n\t\t\t\t\t\t<div class=\"elementor-icon-box-content\">\n\n\t\t\t\t\t\t\t\t\t<h3 class=\"elementor-icon-box-title\">\n\t\t\t\t\t\t<span  >\n\t\t\t\t\t\t\tMonday-Friday: 9 a.m. to 6 p.m., Saturday: 9 a.m. to 1 p.m.,\t\t\t\t\t\t<\/span>\n\t\t\t\t\t<\/h3>\n\t\t\t\t\n\t\t\t\t\n\t\t\t<\/div>\n\t\t\t\n\t\t<\/div>\n\t\t\t\t\t\t<\/div>\n\t\t\t\t<\/div>\n\t\t\t\t<div class=\"elementor-element elementor-element-ff7395d elementor-widget__width-auto elementor-widget elementor-widget-text-editor\" data-id=\"ff7395d\" data-element_type=\"widget\" data-widget_type=\"text-editor.default\">\n\t\t\t\t<div class=\"elementor-widget-container\">\n\t\t\t\t\t\t\t\t\t\n<div class=\"wpcf7 no-js\" id=\"wpcf7-f6-o1\" lang=\"en-US\" dir=\"ltr\" data-wpcf7-id=\"6\">\n<div class=\"screen-reader-response\"><p role=\"status\" aria-live=\"polite\" aria-atomic=\"true\"><\/p> <ul><\/ul><\/div>\n<form action=\"\/index.php\/wp-json\/wp\/v2\/pages\/142#wpcf7-f6-o1\" method=\"post\" class=\"wpcf7-form init\" aria-label=\"Contact form\" novalidate=\"novalidate\" data-status=\"init\">\n<fieldset class=\"hidden-fields-container\"><input type=\"hidden\" name=\"_wpcf7\" value=\"6\" \/><input type=\"hidden\" name=\"_wpcf7_version\" value=\"6.1.1\" \/><input type=\"hidden\" name=\"_wpcf7_locale\" value=\"en_US\" \/><input type=\"hidden\" name=\"_wpcf7_unit_tag\" value=\"wpcf7-f6-o1\" \/><input type=\"hidden\" name=\"_wpcf7_container_post\" value=\"0\" \/><input type=\"hidden\" name=\"_wpcf7_posted_data_hash\" value=\"\" \/>\n<\/fieldset>\n<p><label> Your name<br \/>\n<span class=\"wpcf7-form-control-wrap\" data-name=\"your-name\"><input size=\"40\" maxlength=\"400\" class=\"wpcf7-form-control wpcf7-text wpcf7-validates-as-required\" autocomplete=\"name\" aria-required=\"true\" aria-invalid=\"false\" value=\"\" type=\"text\" name=\"your-name\" \/><\/span> <\/label>\n<\/p>\n<p><label> Your email<br \/>\n<span class=\"wpcf7-form-control-wrap\" data-name=\"your-email\"><input size=\"40\" maxlength=\"400\" class=\"wpcf7-form-control wpcf7-email wpcf7-validates-as-required wpcf7-text wpcf7-validates-as-email\" autocomplete=\"email\" aria-required=\"true\" aria-invalid=\"false\" value=\"\" type=\"email\" name=\"your-email\" \/><\/span> <\/label>\n<\/p>\n<p><label> Subject<br \/>\n<span class=\"wpcf7-form-control-wrap\" data-name=\"your-subject\"><input size=\"40\" maxlength=\"400\" class=\"wpcf7-form-control wpcf7-text wpcf7-validates-as-required\" aria-required=\"true\" aria-invalid=\"false\" value=\"\" type=\"text\" name=\"your-subject\" \/><\/span> <\/label>\n<\/p>\n<p><label> Your message (optional)<br \/>\n<span class=\"wpcf7-form-control-wrap\" data-name=\"your-message\"><textarea cols=\"40\" rows=\"10\" maxlength=\"2000\" class=\"wpcf7-form-control wpcf7-textarea\" aria-invalid=\"false\" name=\"your-message\"><\/textarea><\/span> <\/label>\n<\/p>\n<p><input class=\"wpcf7-form-control wpcf7-submit has-spinner\" type=\"submit\" value=\"Submit\" \/>\n<\/p><input type='hidden' class='wpcf7-pum' value='{\"closepopup\":false,\"closedelay\":0,\"openpopup\":false,\"openpopup_id\":0}' \/><div class=\"wpcf7-response-output\" aria-hidden=\"true\"><\/div>\n<\/form>\n<\/div>\n\t\t\t\t\t\t\t\t<\/div>\n\t\t\t\t<\/div>\n\t\t\t\t<\/div>\n\t\t\t\t<\/div>\n\t\t<div class=\"elementor-element elementor-element-19708de e-con-full e-flex e-con e-parent\" data-id=\"19708de\" data-element_type=\"container\" data-settings=\"{&quot;background_background&quot;:&quot;classic&quot;}\">\n\t\t<div class=\"elementor-element elementor-element-8d55632 e-con-full e-flex e-con e-child\" data-id=\"8d55632\" data-element_type=\"container\">\n\t\t\t\t<div class=\"elementor-element elementor-element-bda4c7c elementor-widget elementor-widget-google_maps\" data-id=\"bda4c7c\" data-element_type=\"widget\" data-widget_type=\"google_maps.default\">\n\t\t\t\t<div class=\"elementor-widget-container\">\n\t\t\t\t\t\t\t<div class=\"elementor-custom-embed\">\n\t\t\t<iframe loading=\"lazy\"\n\t\t\t\t\tsrc=\"https:\/\/maps.google.com\/maps?q=Dr.%20Faz%C4%B1l%20K%C3%BC%C3%A7%C3%BCk%20Cad.%20Laroni%20Tower%20No%3A1%20Kyrenia&#038;t=m&#038;z=15&#038;output=embed&#038;iwloc=near\"\n\t\t\t\t\ttitle=\"Dr. Faz\u0131l K\u00fc\u00e7\u00fck Cad. Laroni Tower No:1 Kyrenia\"\n\t\t\t\t\taria-label=\"Dr. Faz\u0131l K\u00fc\u00e7\u00fck Cad. Laroni Tower No:1 Kyrenia\"\n\t\t\t><\/iframe>\n\t\t<\/div>\n\t\t\t\t\t\t<\/div>\n\t\t\t\t<\/div>\n\t\t\t\t<\/div>\n\t\t\t\t<\/div>\n\t\t<div class=\"elementor-element elementor-element-d3939dd e-flex e-con-boxed e-con e-parent\" data-id=\"d3939dd\" data-element_type=\"container\">\n\t\t\t\t\t<div class=\"e-con-inner\">\n\t\t\t\t<div class=\"elementor-element elementor-element-6c996c9 elementor-widget elementor-widget-heading\" data-id=\"6c996c9\" data-element_type=\"widget\" data-widget_type=\"heading.default\">\n\t\t\t\t<div class=\"elementor-widget-container\">\n\t\t\t\t\t<h1 class=\"elementor-heading-title elementor-size-default\">Customers Loves Us<\/h1>\t\t\t\t<\/div>\n\t\t\t\t<\/div>\n\t\t\t\t<div class=\"elementor-element elementor-element-d94c82c elementor-widget elementor-widget-inspiry-testimonial-ultra-widget\" data-id=\"d94c82c\" data-element_type=\"widget\" data-settings=\"{&quot;autoplay&quot;:&quot;yes&quot;,&quot;pause_on_hover&quot;:&quot;yes&quot;,&quot;pause_on_interaction&quot;:&quot;yes&quot;,&quot;infinite&quot;:&quot;yes&quot;,&quot;autoplay_speed&quot;:3000,&quot;speed&quot;:500}\" data-widget_type=\"inspiry-testimonial-ultra-widget.default\">\n\t\t\t\t<div class=\"elementor-widget-container\">\n\t\t\t\t\t<div class=\"rhea-ultra-testimonials-wrapper\" id=\"rhea_ultra-d94c82c\">\n    <div class=\"rhea-ultra-testimonials owl-carousel\" id=\"rhea-carousel-d94c82c\">\n\t\t            <div class=\"rhea-ultra-testimonial-box-wrapper\">\n                <div class=\"rhea-ultra-testimonial-box\">\n                    <div class=\"rhea-ultra-testimonials-thumb rhea-ultra-bg-dots\">\n                        <div class=\"rhea-ultra-thumb\">\n                            <img decoding=\"async\" src=\"https:\/\/excellencecyprus.com\/wp-content\/uploads\/2024\/03\/Kepernyofoto-2024-03-08-10.50.32.png\" alt=\"Victor\">\n                        <\/div>\n                    <\/div>\n                    <div class=\"rhea-ultra-testimonials-details\">\n\t\t\t\t\t\t                            <p class=\"rhea-ultra-testimonial-strong\">\n\t\t\t\t\t\t\t\tI have been a real estate agent in Europe for 20 years. I am always searching for the\nbest opportunities for my clients and my family as well. I was looking for the best\nplace for our savings and because the European market was slowing down in 2023.                            <\/p>\n\t\t\t\t\t\t\t                            <p class=\"rhea-ultra-testimonial-light\">\n\t\t\t\t\t\t\t\tI\nneeded to discover other countries. Our choice was North Cyprus, and this is the way\nwe met The Era Excellence and the marvelous team. They are not only professionals\nin real estate sales (I say from 20 years of experience), but they are very direct and\nhelpful no matter what I need help with. Highly recommend them, SUPER TEAM!                            <\/p>\n\t\t\t\t\t\t\t                        <div class=\"rhea-ultra-testimonal-author\">\n\t\t\t\t\t\t\t                                <span class=\"rhea-author\">Victor<\/span>\n\t\t\t\t\t\t\t\t                        <\/div>\n                    <\/div>\n                <\/div>\n            <\/div>\n\t\t\t            <div class=\"rhea-ultra-testimonial-box-wrapper\">\n                <div class=\"rhea-ultra-testimonial-box\">\n                    <div class=\"rhea-ultra-testimonials-thumb rhea-ultra-bg-dots\">\n                        <div class=\"rhea-ultra-thumb\">\n                            <img decoding=\"async\" src=\"https:\/\/excellencecyprus.com\/wp-content\/uploads\/2024\/03\/Kepernyofoto-2024-03-08-10.50.32.png\" alt=\"Maria\">\n                        <\/div>\n                    <\/div>\n                    <div class=\"rhea-ultra-testimonials-details\">\n\t\t\t\t\t\t                            <p class=\"rhea-ultra-testimonial-strong\">\n\t\t\t\t\t\t\t\tMe and my wife sold an apartment and wanted to invest our money for getting\ncapital growth. We searched for many possibilities and decided to invest in real\nestate but abroad. We have read about Spain, Dubai, Turkey but we figured it out\nthe off plan sale prices are high there and we can not get that much return of\ninvestment what we wanted.                            <\/p>\n\t\t\t\t\t\t\t                            <p class=\"rhea-ultra-testimonial-light\">\n\t\t\t\t\t\t\t\tWe heard about Cyprus but did not know anything\nabout it. Era Excellence team helped us with everything. We wanted to buy only 1\napartment but after calculation we bought 2 apartments, we got such a good\ninstallment payment option. Thank you!                            <\/p>\n\t\t\t\t\t\t\t                        <div class=\"rhea-ultra-testimonal-author\">\n\t\t\t\t\t\t\t                                <span class=\"rhea-author\">Maria<\/span>\n\t\t\t\t\t\t\t\t                        <\/div>\n                    <\/div>\n                <\/div>\n            <\/div>\n\t\t\t            <div class=\"rhea-ultra-testimonial-box-wrapper\">\n                <div class=\"rhea-ultra-testimonial-box\">\n                    <div class=\"rhea-ultra-testimonials-thumb rhea-ultra-bg-dots\">\n                        <div class=\"rhea-ultra-thumb\">\n                            <img decoding=\"async\" src=\"https:\/\/excellencecyprus.com\/wp-content\/uploads\/2024\/03\/Kepernyofoto-2024-03-08-10.50.32.png\" alt=\"B\u00e1lint\">\n                        <\/div>\n                    <\/div>\n                    <div class=\"rhea-ultra-testimonials-details\">\n\t\t\t\t\t\t                            <p class=\"rhea-ultra-testimonial-strong\">\n\t\t\t\t\t\t\t\tWe were looking for foreign investment opportunities after we had apartments in Hungary and Croatia. We got a presentation from the owner of the ERA EXCELLENCE office, called Imre, he was very organised, likeable and he knew all the answers to our questions.                            <\/p>\n\t\t\t\t\t\t\t                            <p class=\"rhea-ultra-testimonial-light\">\n\t\t\t\t\t\t\t\tAfter spending 3 days in Cyprus, listening to many presentations, and getting familiar with the island we could easily decide where and which type of real estate we want to buy. Imre and his colleagues were professional, confident and always trying their best to answer each little question of ours. I strongly recommend the team for buying and selling real estate, ***** stars.                            <\/p>\n\t\t\t\t\t\t\t                        <div class=\"rhea-ultra-testimonal-author\">\n\t\t\t\t\t\t\t                                <span class=\"rhea-author\">B\u00e1lint<\/span>\n\t\t\t\t\t\t\t\t                        <\/div>\n                    <\/div>\n                <\/div>\n            <\/div>\n\t\t\t            <div class=\"rhea-ultra-testimonial-box-wrapper\">\n                <div class=\"rhea-ultra-testimonial-box\">\n                    <div class=\"rhea-ultra-testimonials-thumb rhea-ultra-bg-dots\">\n                        <div class=\"rhea-ultra-thumb\">\n                            <img decoding=\"async\" src=\"https:\/\/excellencecyprus.com\/wp-content\/uploads\/2024\/03\/Kepernyofoto-2024-03-08-10.50.32.png\" alt=\"Alf + Ute\">\n                        <\/div>\n                    <\/div>\n                    <div class=\"rhea-ultra-testimonials-details\">\n\t\t\t\t\t\t                            <p class=\"rhea-ultra-testimonial-strong\">\n\t\t\t\t\t\t\t\tMs. Hennemann (from ERA) has been a great help to us with a real estate matter in Northern Cyprus.                            <\/p>\n\t\t\t\t\t\t\t                            <p class=\"rhea-ultra-testimonial-light\">\n\t\t\t\t\t\t\t\tShe supported us over an extended period, facilitated contacts, and provided helpful information. We are very grateful to her and can recommend her without reservation.                            <\/p>\n\t\t\t\t\t\t\t                        <div class=\"rhea-ultra-testimonal-author\">\n\t\t\t\t\t\t\t                                <span class=\"rhea-author\">Alf + Ute<\/span>\n\t\t\t\t\t\t\t\t                        <\/div>\n                    <\/div>\n                <\/div>\n            <\/div>\n\t\t\t            <div class=\"rhea-ultra-testimonial-box-wrapper\">\n                <div class=\"rhea-ultra-testimonial-box\">\n                    <div class=\"rhea-ultra-testimonials-thumb rhea-ultra-bg-dots\">\n                        <div class=\"rhea-ultra-thumb\">\n                            <img decoding=\"async\" src=\"https:\/\/excellencecyprus.com\/wp-content\/uploads\/2024\/03\/Kepernyofoto-2024-03-08-10.50.32.png\" alt=\"Rolf\">\n                        <\/div>\n                    <\/div>\n                    <div class=\"rhea-ultra-testimonials-details\">\n\t\t\t\t\t\t                            <p class=\"rhea-ultra-testimonial-strong\">\n\t\t\t\t\t\t\t\tToday was an amazing day. It was an up and down journey, ultimately reaching full marks at the finish line. I thank you VERY much for your advices Marina. Your help, your honesty, and your love. I wish you could at least feel a bit of what you have done for us and what you mean to us.                            <\/p>\n\t\t\t\t\t\t\t                            <p class=\"rhea-ultra-testimonial-light\">\n\t\t\t\t\t\t\t\tThere may be many people who understand what service, customer care, fairness in business, reliability, and trust are. But you are one of the unfortunately few who can do ALL of that and ACT accordingly. Not just TALK but DELIVER.\n\nIn Sonja&#039;s and my scale of significance, you have won first prize \ud83c\udfc6. We are VERY SATISFIED. If BMW Aftersales had called, our rating would have been: &quot;We are thrilled \u203c\ufe0f\u203c\ufe0f\u203c\ufe0f&quot;\n\nClearly \u2b50\ufe0f\u2b50\ufe0f\u2b50\ufe0f\u2b50\ufe0f\u2b50\ufe0f\nWe look forward to our return and to seeing you.\n\nWith very best regards                            <\/p>\n\t\t\t\t\t\t\t                        <div class=\"rhea-ultra-testimonal-author\">\n\t\t\t\t\t\t\t                                <span class=\"rhea-author\">Rolf<\/span>\n\t\t\t\t\t\t\t\t                        <\/div>\n                    <\/div>\n                <\/div>\n            <\/div>\n\t\t\t    <\/div>\n    <div id=\"rhea-nav-d94c82c\" class=\"rhea-ultra-nav-box rhea-ultra-owl-nav owl-nav\">\n        <div id=\"rhea-dots-d94c82c\" class=\"rhea-ultra-owl-dots owl-dots\"><\/div>\n    <\/div>\n<\/div>\n<script type=\"application\/javascript\">\n    jQuery( document ).ready( function () {\n        jQuery( \"#rhea-carousel-d94c82c\" ).owlCarousel( {\n            animateOut    : 'animate__fadeOut',\n            animateIn     : 'animate__fadeIn',\n            items         : 1,\n            nav           : true,\n            dots          : true,\n            dotsEach      : true,\n            loop          : false,\n            rtl           : rheaIsRTL(),\n            smartSpeed    : 500,\n            navText       : ['<i class=\"fas fa-caret-left\"><\/i>', '<i class=\"fas fa-caret-right\"><\/i>'],\n            navContainer  : '#rhea-nav-d94c82c',\n            dotsContainer : '#rhea-dots-d94c82c'\n        } );\n    } );\n<\/script>\t\t\t\t<\/div>\n\t\t\t\t<\/div>\n\t\t\t\t\t<\/div>\n\t\t\t\t<\/div>\n\t\t\t\t<\/div>\n\t\t","protected":false},"excerpt":{"rendered":"<p>Contact Us excellence@era.com.tr (+90) 533 887 56 56 Dr. Faz\u0131l K\u00fc\u00e7\u00fck Cad. Laroni Tower No:1 Monday-Friday: 9 a.m. to 6 p.m., Saturday: 9 a.m. to 1 p.m., Customers Loves Us I have been a real estate agent in Europe for 20 years. I am always searching for the best opportunities for my clients and my&#8230;<\/p>\n","protected":false},"author":39,"featured_media":0,"parent":0,"menu_order":12,"comment_status":"closed","ping_status":"closed","template":"elementor_header_footer","meta":{"om_disable_all_campaigns":false,"_monsterinsights_skip_tracking":false,"_monsterinsights_sitenote_active":false,"_monsterinsights_sitenote_note":"","_monsterinsights_sitenote_category":0,"footnotes":""},"class_list":["post-142","page","type-page","status-publish","hentry"],"aioseo_notices":[],"_links":{"self":[{"href":"https:\/\/excellencecyprus.com\/index.php\/wp-json\/wp\/v2\/pages\/142","targetHints":{"allow":["GET"]}}],"collection":[{"href":"https:\/\/excellencecyprus.com\/index.php\/wp-json\/wp\/v2\/pages"}],"about":[{"href":"https:\/\/excellencecyprus.com\/index.php\/wp-json\/wp\/v2\/types\/page"}],"author":[{"embeddable":true,"href":"https:\/\/excellencecyprus.com\/index.php\/wp-json\/wp\/v2\/users\/39"}],"replies":[{"embeddable":true,"href":"https:\/\/excellencecyprus.com\/index.php\/wp-json\/wp\/v2\/comments?post=142"}],"version-history":[{"count":150,"href":"https:\/\/excellencecyprus.com\/index.php\/wp-json\/wp\/v2\/pages\/142\/revisions"}],"predecessor-version":[{"id":17263,"href":"https:\/\/excellencecyprus.com\/index.php\/wp-json\/wp\/v2\/pages\/142\/revisions\/17263"}],"wp:attachment":[{"href":"https:\/\/excellencecyprus.com\/index.php\/wp-json\/wp\/v2\/media?parent=142"}],"curies":[{"name":"wp","href":"https:\/\/api.w.org\/{rel}","templated":true}]}}